{"id":215,"date":"2020-02-14T12:19:38","date_gmt":"2020-02-14T12:19:38","guid":{"rendered":"https:\/\/demosites.io\/vacantion-rental-gb\/?page_id=215"},"modified":"2022-06-16T17:02:55","modified_gmt":"2022-06-16T17:02:55","slug":"0f1ae-home","status":"publish","type":"page","link":"https:\/\/www.lahormigavoladora.com\/w\/","title":{"rendered":"Home"},"content":{"rendered":"\n<div id=\"wp-block-themeisle-blocks-advanced-columns-5f4bfe2b\" class=\"wp-block-themeisle-blocks-advanced-columns alignfull has-2-columns has-desktop-equal-layout has-tablet-collapsedRows-layout has-mobile-collapsedRows-layout has-vertical-center\"><div class=\"wp-block-themeisle-blocks-advanced-columns-overlay\"><\/div><div class=\"innerblocks-wrap\">\n<div id=\"wp-block-themeisle-blocks-advanced-column-43ec9066\" class=\"wp-block-themeisle-blocks-advanced-column\"><\/div>\n\n\n\n<div id=\"wp-block-themeisle-blocks-advanced-column-7b3f3984\" class=\"wp-block-themeisle-blocks-advanced-column\"><\/div>\n<\/div><\/div>\n\n\n\n<div id=\"wp-block-themeisle-blocks-advanced-columns-ed5a9992\" class=\"wp-block-themeisle-blocks-advanced-columns alignfull has-2-columns has-desktop-equal-layout has-tablet-equal-layout has-mobile-collapsedRows-layout has-vertical-unset\"><div class=\"wp-block-themeisle-blocks-advanced-columns-overlay\"><\/div><div class=\"innerblocks-wrap\">\n<div id=\"wp-block-themeisle-blocks-advanced-column-9d4d2526\" class=\"wp-block-themeisle-blocks-advanced-column\">\n<h2 class=\"wp-block-heading\">La Hormiga Voladora<\/h2>\n\n\n\n<hr class=\"wp-block-separator has-text-color has-nv-c-1-color has-css-opacity has-nv-c-1-background-color has-background is-style-wide\"\/>\n\n\n\n<p>El hostal es un antiguo cortijo rehabilitado de los antepasados de la propietaria. Las <strong>habitaciones son r\u00fasticas, sencillas y con encanto<\/strong>.<\/p>\n\n\n\n<p>Las habitaciones que tienen balc\u00f3n, tienen vistas espectaculares a la playa de Bolonia.<\/p>\n\n\n\n<p>En nuestros patios andaluces podr\u00e1s disfrutar de la <strong>tranquilidad del lugar <\/strong>y relajarte oyendo las olas del mar. Tenemos un <strong>acceso directo a la playa.<\/strong><\/p>\n\n\n\n<p>Tarifa est\u00e1 a tan s\u00f3lo 20 minutos y C\u00e1diz est\u00e1 a 1 hora.<\/p>\n\n\n\n<p>La playa de Bolonia est\u00e1 considerada una de las \u00faltimas playas v\u00edrgenes del sur de la pen\u00ednsula iberica. Junto a las playa se encuentran las ruinas muy bien conservadas, de la antigua ciudad romana de Baelo Claudia.<\/p>\n\n\n\n<h2 id=\"wp-block-themeisle-blocks-advanced-heading-e52d6ebd\" class=\"wp-block-themeisle-blocks-advanced-heading wp-block-themeisle-blocks-advanced-heading-e52d6ebd\">No se permiten perros<\/h2>\n<\/div>\n\n\n\n<div id=\"wp-block-themeisle-blocks-advanced-column-988f8239\" class=\"wp-block-themeisle-blocks-advanced-column\">\n<h2 class=\"has-nv-text-dark-bg-color has-text-color wp-block-heading\">Servicios<\/h2>\n\n\n\n<p>Disponemos de <strong>habitaciones dobles, todas con ba\u00f1o privado<\/strong>, y tambi\u00e9n de <strong>apartamentos de un dormitorio con una cama doble y un sof\u00e1 cama.<\/strong><\/p>\n\n\n\n<p>Todos tienen aire acondicionado y calefacci\u00f3n.<\/p>\n\n\n\n<figure class=\"wp-block-image size-full\"><img loading=\"lazy\" decoding=\"async\" width=\"768\" height=\"461\" data-attachment-id=\"406\" data-permalink=\"https:\/\/www.lahormigavoladora.com\/w\/15_9\/\" data-orig-file=\"https:\/\/www.lahormigavoladora.com\/w\/wp-content\/uploads\/2022\/05\/15_9.jpg\" data-orig-size=\"768,461\" data-comments-opened=\"1\" data-image-meta=\"{&quot;aperture&quot;:&quot;2.6&quot;,&quot;credit&quot;:&quot;&quot;,&quot;camera&quot;:&quot;GT-S7580&quot;,&quot;caption&quot;:&quot;&quot;,&quot;created_timestamp&quot;:&quot;1404237196&quot;,&quot;copyright&quot;:&quot;&quot;,&quot;focal_length&quot;:&quot;3.54&quot;,&quot;iso&quot;:&quot;50&quot;,&quot;shutter_speed&quot;:&quot;0.00055005500550055&quot;,&quot;title&quot;:&quot;&quot;,&quot;orientation&quot;:&quot;1&quot;}\" data-image-title=\"Hormiga Voladora\" data-image-description=\"\" data-image-caption=\"\" data-large-file=\"https:\/\/www.lahormigavoladora.com\/w\/wp-content\/uploads\/2022\/05\/15_9.jpg\" src=\"https:\/\/www.lahormigavoladora.com\/w\/wp-content\/uploads\/2022\/05\/15_9.jpg\" alt=\"\" class=\"wp-image-406\" srcset=\"https:\/\/www.lahormigavoladora.com\/w\/wp-content\/uploads\/2022\/05\/15_9.jpg 768w, https:\/\/www.lahormigavoladora.com\/w\/wp-content\/uploads\/2022\/05\/15_9-300x180.jpg 300w\" sizes=\"auto, (max-width: 768px) 100vw, 768px\" \/><figcaption>Vistas desde el establecimiento<\/figcaption><\/figure>\n\n\n\n<div class=\"wp-block-buttons is-content-justification-center is-layout-flex wp-container-core-buttons-is-layout-16018d1d wp-block-buttons-is-layout-flex\">\n<div class=\"wp-block-button is-style-primary\"><a class=\"wp-block-button__link\" href=\"\/w\/contacto\/\">CONTACTA CON NOSOTROS<\/a><\/div>\n<\/div>\n<\/div>\n<\/div><\/div>\n\n\n\n<div id=\"wp-block-themeisle-blocks-advanced-columns-4554113f\" class=\"wp-block-themeisle-blocks-advanced-columns has-1-columns has-desktop-equal-layout has-tablet-equal-layout has-mobile-equal-layout has-vertical-unset\"><div class=\"wp-block-themeisle-blocks-advanced-columns-overlay\"><\/div><div class=\"innerblocks-wrap\">\n<div id=\"wp-block-themeisle-blocks-advanced-column-36c4124f\" class=\"wp-block-themeisle-blocks-advanced-column\">\n<h2 class=\"wp-block-heading\">Fotograf\u00edas<\/h2>\n\n\n\n<figure class=\"wp-block-gallery has-nested-images columns-5 is-cropped wp-block-gallery-1 is-layout-flex wp-block-gallery-is-layout-flex\">\n<figure class=\"wp-block-image size-large\"><img loading=\"lazy\" decoding=\"async\" width=\"461\" height=\"768\" data-attachment-id=\"405\" data-permalink=\"https:\/\/www.lahormigavoladora.com\/w\/15_8\/\" data-orig-file=\"https:\/\/www.lahormigavoladora.com\/w\/wp-content\/uploads\/2022\/05\/15_8.jpg\" data-orig-size=\"461,768\" data-comments-opened=\"1\" data-image-meta=\"{&quot;aperture&quot;:&quot;2.6&quot;,&quot;credit&quot;:&quot;&quot;,&quot;camera&quot;:&quot;GT-S7580&quot;,&quot;caption&quot;:&quot;&quot;,&quot;created_timestamp&quot;:&quot;1404237043&quot;,&quot;copyright&quot;:&quot;&quot;,&quot;focal_length&quot;:&quot;3.54&quot;,&quot;iso&quot;:&quot;100&quot;,&quot;shutter_speed&quot;:&quot;0.03030303030303&quot;,&quot;title&quot;:&quot;&quot;,&quot;orientation&quot;:&quot;1&quot;}\" data-image-title=\"15_8\" data-image-description=\"\" data-image-caption=\"\" data-large-file=\"https:\/\/www.lahormigavoladora.com\/w\/wp-content\/uploads\/2022\/05\/15_8.jpg\" data-id=\"405\" src=\"https:\/\/www.lahormigavoladora.com\/w\/wp-content\/uploads\/2022\/05\/15_8.jpg\" alt=\"\" class=\"wp-image-405\" srcset=\"https:\/\/www.lahormigavoladora.com\/w\/wp-content\/uploads\/2022\/05\/15_8.jpg 461w, https:\/\/www.lahormigavoladora.com\/w\/wp-content\/uploads\/2022\/05\/15_8-180x300.jpg 180w\" sizes=\"auto, (max-width: 461px) 100vw, 461px\" \/><\/figure>\n\n\n\n<figure class=\"wp-block-image size-large\"><img loading=\"lazy\" decoding=\"async\" width=\"768\" height=\"461\" data-attachment-id=\"404\" data-permalink=\"https:\/\/www.lahormigavoladora.com\/w\/15_7\/\" data-orig-file=\"https:\/\/www.lahormigavoladora.com\/w\/wp-content\/uploads\/2022\/05\/15_7.jpg\" data-orig-size=\"768,461\" data-comments-opened=\"1\" data-image-meta=\"{&quot;aperture&quot;:&quot;2.6&quot;,&quot;credit&quot;:&quot;&quot;,&quot;camera&quot;:&quot;GT-S7580&quot;,&quot;caption&quot;:&quot;&quot;,&quot;created_timestamp&quot;:&quot;1404222761&quot;,&quot;copyright&quot;:&quot;&quot;,&quot;focal_length&quot;:&quot;3.54&quot;,&quot;iso&quot;:&quot;50&quot;,&quot;shutter_speed&quot;:&quot;0.025&quot;,&quot;title&quot;:&quot;&quot;,&quot;orientation&quot;:&quot;1&quot;}\" data-image-title=\"15_7\" data-image-description=\"\" data-image-caption=\"\" data-large-file=\"https:\/\/www.lahormigavoladora.com\/w\/wp-content\/uploads\/2022\/05\/15_7.jpg\" data-id=\"404\" src=\"https:\/\/www.lahormigavoladora.com\/w\/wp-content\/uploads\/2022\/05\/15_7.jpg\" alt=\"\" class=\"wp-image-404\" srcset=\"https:\/\/www.lahormigavoladora.com\/w\/wp-content\/uploads\/2022\/05\/15_7.jpg 768w, https:\/\/www.lahormigavoladora.com\/w\/wp-content\/uploads\/2022\/05\/15_7-300x180.jpg 300w\" sizes=\"auto, (max-width: 768px) 100vw, 768px\" \/><\/figure>\n\n\n\n<figure class=\"wp-block-image size-large\"><img loading=\"lazy\" decoding=\"async\" width=\"461\" height=\"768\" data-attachment-id=\"403\" data-permalink=\"https:\/\/www.lahormigavoladora.com\/w\/15_6\/\" data-orig-file=\"https:\/\/www.lahormigavoladora.com\/w\/wp-content\/uploads\/2022\/05\/15_6.jpg\" data-orig-size=\"461,768\" data-comments-opened=\"1\" data-image-meta=\"{&quot;aperture&quot;:&quot;2.6&quot;,&quot;credit&quot;:&quot;&quot;,&quot;camera&quot;:&quot;GT-S7580&quot;,&quot;caption&quot;:&quot;&quot;,&quot;created_timestamp&quot;:&quot;1404231256&quot;,&quot;copyright&quot;:&quot;&quot;,&quot;focal_length&quot;:&quot;3.54&quot;,&quot;iso&quot;:&quot;50&quot;,&quot;shutter_speed&quot;:&quot;0.0013850415512465&quot;,&quot;title&quot;:&quot;&quot;,&quot;orientation&quot;:&quot;1&quot;}\" data-image-title=\"15_6\" data-image-description=\"\" data-image-caption=\"\" data-large-file=\"https:\/\/www.lahormigavoladora.com\/w\/wp-content\/uploads\/2022\/05\/15_6.jpg\" data-id=\"403\" src=\"https:\/\/www.lahormigavoladora.com\/w\/wp-content\/uploads\/2022\/05\/15_6.jpg\" alt=\"\" class=\"wp-image-403\" srcset=\"https:\/\/www.lahormigavoladora.com\/w\/wp-content\/uploads\/2022\/05\/15_6.jpg 461w, https:\/\/www.lahormigavoladora.com\/w\/wp-content\/uploads\/2022\/05\/15_6-180x300.jpg 180w\" sizes=\"auto, (max-width: 461px) 100vw, 461px\" \/><\/figure>\n\n\n\n<figure class=\"wp-block-image size-large\"><img loading=\"lazy\" decoding=\"async\" width=\"768\" height=\"461\" data-attachment-id=\"402\" data-permalink=\"https:\/\/www.lahormigavoladora.com\/w\/15_5\/\" data-orig-file=\"https:\/\/www.lahormigavoladora.com\/w\/wp-content\/uploads\/2022\/05\/15_5.jpg\" data-orig-size=\"768,461\" data-comments-opened=\"1\" data-image-meta=\"{&quot;aperture&quot;:&quot;2.6&quot;,&quot;credit&quot;:&quot;&quot;,&quot;camera&quot;:&quot;GT-S7580&quot;,&quot;caption&quot;:&quot;&quot;,&quot;created_timestamp&quot;:&quot;1404223088&quot;,&quot;copyright&quot;:&quot;&quot;,&quot;focal_length&quot;:&quot;3.54&quot;,&quot;iso&quot;:&quot;100&quot;,&quot;shutter_speed&quot;:&quot;0.025&quot;,&quot;title&quot;:&quot;&quot;,&quot;orientation&quot;:&quot;1&quot;}\" data-image-title=\"15_5\" data-image-description=\"\" data-image-caption=\"\" data-large-file=\"https:\/\/www.lahormigavoladora.com\/w\/wp-content\/uploads\/2022\/05\/15_5.jpg\" data-id=\"402\" src=\"https:\/\/www.lahormigavoladora.com\/w\/wp-content\/uploads\/2022\/05\/15_5.jpg\" alt=\"\" class=\"wp-image-402\" srcset=\"https:\/\/www.lahormigavoladora.com\/w\/wp-content\/uploads\/2022\/05\/15_5.jpg 768w, https:\/\/www.lahormigavoladora.com\/w\/wp-content\/uploads\/2022\/05\/15_5-300x180.jpg 300w\" sizes=\"auto, (max-width: 768px) 100vw, 768px\" \/><\/figure>\n\n\n\n<figure class=\"wp-block-image size-large\"><img loading=\"lazy\" decoding=\"async\" width=\"768\" height=\"461\" data-attachment-id=\"401\" data-permalink=\"https:\/\/www.lahormigavoladora.com\/w\/15_4\/\" data-orig-file=\"https:\/\/www.lahormigavoladora.com\/w\/wp-content\/uploads\/2022\/05\/15_4.jpg\" data-orig-size=\"768,461\" data-comments-opened=\"1\" data-image-meta=\"{&quot;aperture&quot;:&quot;2.6&quot;,&quot;credit&quot;:&quot;&quot;,&quot;camera&quot;:&quot;GT-S7580&quot;,&quot;caption&quot;:&quot;&quot;,&quot;created_timestamp&quot;:&quot;1404672836&quot;,&quot;copyright&quot;:&quot;&quot;,&quot;focal_length&quot;:&quot;3.54&quot;,&quot;iso&quot;:&quot;50&quot;,&quot;shutter_speed&quot;:&quot;0.0010427528675704&quot;,&quot;title&quot;:&quot;&quot;,&quot;orientation&quot;:&quot;1&quot;}\" data-image-title=\"15_4\" data-image-description=\"\" data-image-caption=\"\" data-large-file=\"https:\/\/www.lahormigavoladora.com\/w\/wp-content\/uploads\/2022\/05\/15_4.jpg\" data-id=\"401\" src=\"https:\/\/www.lahormigavoladora.com\/w\/wp-content\/uploads\/2022\/05\/15_4.jpg\" alt=\"\" class=\"wp-image-401\" srcset=\"https:\/\/www.lahormigavoladora.com\/w\/wp-content\/uploads\/2022\/05\/15_4.jpg 768w, https:\/\/www.lahormigavoladora.com\/w\/wp-content\/uploads\/2022\/05\/15_4-300x180.jpg 300w\" sizes=\"auto, (max-width: 768px) 100vw, 768px\" \/><\/figure>\n\n\n\n<figure class=\"wp-block-image size-large\"><img loading=\"lazy\" decoding=\"async\" width=\"461\" height=\"768\" data-attachment-id=\"400\" data-permalink=\"https:\/\/www.lahormigavoladora.com\/w\/15_3\/\" data-orig-file=\"https:\/\/www.lahormigavoladora.com\/w\/wp-content\/uploads\/2022\/05\/15_3.jpg\" data-orig-size=\"461,768\" data-comments-opened=\"1\" data-image-meta=\"{&quot;aperture&quot;:&quot;2.6&quot;,&quot;credit&quot;:&quot;&quot;,&quot;camera&quot;:&quot;GT-S7580&quot;,&quot;caption&quot;:&quot;&quot;,&quot;created_timestamp&quot;:&quot;1404231656&quot;,&quot;copyright&quot;:&quot;&quot;,&quot;focal_length&quot;:&quot;3.54&quot;,&quot;iso&quot;:&quot;50&quot;,&quot;shutter_speed&quot;:&quot;0.00094073377234243&quot;,&quot;title&quot;:&quot;&quot;,&quot;orientation&quot;:&quot;1&quot;}\" data-image-title=\"15_3\" data-image-description=\"\" data-image-caption=\"\" data-large-file=\"https:\/\/www.lahormigavoladora.com\/w\/wp-content\/uploads\/2022\/05\/15_3.jpg\" data-id=\"400\" src=\"https:\/\/www.lahormigavoladora.com\/w\/wp-content\/uploads\/2022\/05\/15_3.jpg\" alt=\"\" class=\"wp-image-400\" srcset=\"https:\/\/www.lahormigavoladora.com\/w\/wp-content\/uploads\/2022\/05\/15_3.jpg 461w, https:\/\/www.lahormigavoladora.com\/w\/wp-content\/uploads\/2022\/05\/15_3-180x300.jpg 180w\" sizes=\"auto, (max-width: 461px) 100vw, 461px\" \/><\/figure>\n\n\n\n<figure class=\"wp-block-image size-large\"><img loading=\"lazy\" decoding=\"async\" width=\"461\" height=\"768\" data-attachment-id=\"399\" data-permalink=\"https:\/\/www.lahormigavoladora.com\/w\/15_2\/\" data-orig-file=\"https:\/\/www.lahormigavoladora.com\/w\/wp-content\/uploads\/2022\/05\/15_2.jpg\" data-orig-size=\"461,768\" data-comments-opened=\"1\" data-image-meta=\"{&quot;aperture&quot;:&quot;2.6&quot;,&quot;credit&quot;:&quot;&quot;,&quot;camera&quot;:&quot;GT-S7580&quot;,&quot;caption&quot;:&quot;&quot;,&quot;created_timestamp&quot;:&quot;1404231392&quot;,&quot;copyright&quot;:&quot;&quot;,&quot;focal_length&quot;:&quot;3.54&quot;,&quot;iso&quot;:&quot;100&quot;,&quot;shutter_speed&quot;:&quot;0.033333333333333&quot;,&quot;title&quot;:&quot;&quot;,&quot;orientation&quot;:&quot;1&quot;}\" data-image-title=\"15_2\" data-image-description=\"\" data-image-caption=\"\" data-large-file=\"https:\/\/www.lahormigavoladora.com\/w\/wp-content\/uploads\/2022\/05\/15_2.jpg\" data-id=\"399\" src=\"https:\/\/www.lahormigavoladora.com\/w\/wp-content\/uploads\/2022\/05\/15_2.jpg\" alt=\"\" class=\"wp-image-399\" srcset=\"https:\/\/www.lahormigavoladora.com\/w\/wp-content\/uploads\/2022\/05\/15_2.jpg 461w, https:\/\/www.lahormigavoladora.com\/w\/wp-content\/uploads\/2022\/05\/15_2-180x300.jpg 180w\" sizes=\"auto, (max-width: 461px) 100vw, 461px\" \/><\/figure>\n\n\n\n<figure class=\"wp-block-image size-large\"><img loading=\"lazy\" decoding=\"async\" width=\"1024\" height=\"768\" data-attachment-id=\"398\" data-permalink=\"https:\/\/www.lahormigavoladora.com\/w\/8\/\" data-orig-file=\"https:\/\/www.lahormigavoladora.com\/w\/wp-content\/uploads\/2022\/05\/8.jpg\" data-orig-size=\"1024,768\" data-comments-opened=\"1\" data-image-meta=\"{&quot;aperture&quot;:&quot;3&quot;,&quot;credit&quot;:&quot;&quot;,&quot;camera&quot;:&quot;Samsung L201 \/ VLUU L201&quot;,&quot;caption&quot;:&quot;&quot;,&quot;created_timestamp&quot;:&quot;1341235095&quot;,&quot;copyright&quot;:&quot;Copyright 2008&quot;,&quot;focal_length&quot;:&quot;6.3&quot;,&quot;iso&quot;:&quot;80&quot;,&quot;shutter_speed&quot;:&quot;0.022222222222222&quot;,&quot;title&quot;:&quot;&quot;,&quot;orientation&quot;:&quot;1&quot;}\" data-image-title=\"8\" data-image-description=\"\" data-image-caption=\"\" data-large-file=\"https:\/\/www.lahormigavoladora.com\/w\/wp-content\/uploads\/2022\/05\/8.jpg\" data-id=\"398\" src=\"https:\/\/www.lahormigavoladora.com\/w\/wp-content\/uploads\/2022\/05\/8.jpg\" alt=\"\" class=\"wp-image-398\" srcset=\"https:\/\/www.lahormigavoladora.com\/w\/wp-content\/uploads\/2022\/05\/8.jpg 1024w, https:\/\/www.lahormigavoladora.com\/w\/wp-content\/uploads\/2022\/05\/8-300x225.jpg 300w, https:\/\/www.lahormigavoladora.com\/w\/wp-content\/uploads\/2022\/05\/8-768x576.jpg 768w\" sizes=\"auto, (max-width: 1024px) 100vw, 1024px\" \/><\/figure>\n\n\n\n<figure class=\"wp-block-image size-large\"><img loading=\"lazy\" decoding=\"async\" width=\"1024\" height=\"768\" data-attachment-id=\"396\" data-permalink=\"https:\/\/www.lahormigavoladora.com\/w\/6\/\" data-orig-file=\"https:\/\/www.lahormigavoladora.com\/w\/wp-content\/uploads\/2022\/05\/6.jpg\" data-orig-size=\"1024,768\" data-comments-opened=\"1\" data-image-meta=\"{&quot;aperture&quot;:&quot;3&quot;,&quot;credit&quot;:&quot;&quot;,&quot;camera&quot;:&quot;Samsung L201 \/ VLUU L201&quot;,&quot;caption&quot;:&quot;&quot;,&quot;created_timestamp&quot;:&quot;1341235066&quot;,&quot;copyright&quot;:&quot;Copyright 2008&quot;,&quot;focal_length&quot;:&quot;6.3&quot;,&quot;iso&quot;:&quot;100&quot;,&quot;shutter_speed&quot;:&quot;0.022222222222222&quot;,&quot;title&quot;:&quot;&quot;,&quot;orientation&quot;:&quot;1&quot;}\" data-image-title=\"6\" data-image-description=\"\" data-image-caption=\"\" data-large-file=\"https:\/\/www.lahormigavoladora.com\/w\/wp-content\/uploads\/2022\/05\/6.jpg\" data-id=\"396\" src=\"https:\/\/www.lahormigavoladora.com\/w\/wp-content\/uploads\/2022\/05\/6.jpg\" alt=\"\" class=\"wp-image-396\" srcset=\"https:\/\/www.lahormigavoladora.com\/w\/wp-content\/uploads\/2022\/05\/6.jpg 1024w, https:\/\/www.lahormigavoladora.com\/w\/wp-content\/uploads\/2022\/05\/6-300x225.jpg 300w, https:\/\/www.lahormigavoladora.com\/w\/wp-content\/uploads\/2022\/05\/6-768x576.jpg 768w\" sizes=\"auto, (max-width: 1024px) 100vw, 1024px\" \/><\/figure>\n\n\n\n<figure class=\"wp-block-image size-large\"><img loading=\"lazy\" decoding=\"async\" width=\"1024\" height=\"768\" data-attachment-id=\"394\" data-permalink=\"https:\/\/www.lahormigavoladora.com\/w\/4\/\" data-orig-file=\"https:\/\/www.lahormigavoladora.com\/w\/wp-content\/uploads\/2022\/05\/4.jpg\" data-orig-size=\"1024,768\" data-comments-opened=\"1\" data-image-meta=\"{&quot;aperture&quot;:&quot;3&quot;,&quot;credit&quot;:&quot;&quot;,&quot;camera&quot;:&quot;Samsung L201 \/ VLUU L201&quot;,&quot;caption&quot;:&quot;&quot;,&quot;created_timestamp&quot;:&quot;1341235213&quot;,&quot;copyright&quot;:&quot;Copyright 2008&quot;,&quot;focal_length&quot;:&quot;6.3&quot;,&quot;iso&quot;:&quot;100&quot;,&quot;shutter_speed&quot;:&quot;0.022222222222222&quot;,&quot;title&quot;:&quot;&quot;,&quot;orientation&quot;:&quot;1&quot;}\" data-image-title=\"4\" data-image-description=\"\" data-image-caption=\"\" data-large-file=\"https:\/\/www.lahormigavoladora.com\/w\/wp-content\/uploads\/2022\/05\/4.jpg\" data-id=\"394\" src=\"https:\/\/www.lahormigavoladora.com\/w\/wp-content\/uploads\/2022\/05\/4.jpg\" alt=\"\" class=\"wp-image-394\" srcset=\"https:\/\/www.lahormigavoladora.com\/w\/wp-content\/uploads\/2022\/05\/4.jpg 1024w, https:\/\/www.lahormigavoladora.com\/w\/wp-content\/uploads\/2022\/05\/4-300x225.jpg 300w, https:\/\/www.lahormigavoladora.com\/w\/wp-content\/uploads\/2022\/05\/4-768x576.jpg 768w\" sizes=\"auto, (max-width: 1024px) 100vw, 1024px\" \/><\/figure>\n\n\n\n<figure class=\"wp-block-image size-large\"><img loading=\"lazy\" decoding=\"async\" width=\"1024\" height=\"768\" data-attachment-id=\"393\" data-permalink=\"https:\/\/www.lahormigavoladora.com\/w\/3\/\" data-orig-file=\"https:\/\/www.lahormigavoladora.com\/w\/wp-content\/uploads\/2022\/05\/3.jpg\" data-orig-size=\"1024,768\" data-comments-opened=\"1\" data-image-meta=\"{&quot;aperture&quot;:&quot;3&quot;,&quot;credit&quot;:&quot;&quot;,&quot;camera&quot;:&quot;Samsung L201 \/ VLUU L201&quot;,&quot;caption&quot;:&quot;&quot;,&quot;created_timestamp&quot;:&quot;1341235244&quot;,&quot;copyright&quot;:&quot;Copyright 2008&quot;,&quot;focal_length&quot;:&quot;6.3&quot;,&quot;iso&quot;:&quot;80&quot;,&quot;shutter_speed&quot;:&quot;0.022222222222222&quot;,&quot;title&quot;:&quot;&quot;,&quot;orientation&quot;:&quot;1&quot;}\" data-image-title=\"3\" data-image-description=\"\" data-image-caption=\"\" data-large-file=\"https:\/\/www.lahormigavoladora.com\/w\/wp-content\/uploads\/2022\/05\/3.jpg\" data-id=\"393\" src=\"https:\/\/www.lahormigavoladora.com\/w\/wp-content\/uploads\/2022\/05\/3.jpg\" alt=\"\" class=\"wp-image-393\" srcset=\"https:\/\/www.lahormigavoladora.com\/w\/wp-content\/uploads\/2022\/05\/3.jpg 1024w, https:\/\/www.lahormigavoladora.com\/w\/wp-content\/uploads\/2022\/05\/3-300x225.jpg 300w, https:\/\/www.lahormigavoladora.com\/w\/wp-content\/uploads\/2022\/05\/3-768x576.jpg 768w\" sizes=\"auto, (max-width: 1024px) 100vw, 1024px\" \/><\/figure>\n\n\n\n<figure class=\"wp-block-image size-large\"><img loading=\"lazy\" decoding=\"async\" width=\"1024\" height=\"768\" data-attachment-id=\"392\" data-permalink=\"https:\/\/www.lahormigavoladora.com\/w\/2\/\" data-orig-file=\"https:\/\/www.lahormigavoladora.com\/w\/wp-content\/uploads\/2022\/05\/2.jpg\" data-orig-size=\"1024,768\" data-comments-opened=\"1\" data-image-meta=\"{&quot;aperture&quot;:&quot;3&quot;,&quot;credit&quot;:&quot;&quot;,&quot;camera&quot;:&quot;Samsung L201 \/ VLUU L201&quot;,&quot;caption&quot;:&quot;&quot;,&quot;created_timestamp&quot;:&quot;1341235266&quot;,&quot;copyright&quot;:&quot;Copyright 2008&quot;,&quot;focal_length&quot;:&quot;6.3&quot;,&quot;iso&quot;:&quot;200&quot;,&quot;shutter_speed&quot;:&quot;0.022222222222222&quot;,&quot;title&quot;:&quot;&quot;,&quot;orientation&quot;:&quot;1&quot;}\" data-image-title=\"2\" data-image-description=\"\" data-image-caption=\"\" data-large-file=\"https:\/\/www.lahormigavoladora.com\/w\/wp-content\/uploads\/2022\/05\/2.jpg\" data-id=\"392\" src=\"https:\/\/www.lahormigavoladora.com\/w\/wp-content\/uploads\/2022\/05\/2.jpg\" alt=\"\" class=\"wp-image-392\" srcset=\"https:\/\/www.lahormigavoladora.com\/w\/wp-content\/uploads\/2022\/05\/2.jpg 1024w, https:\/\/www.lahormigavoladora.com\/w\/wp-content\/uploads\/2022\/05\/2-300x225.jpg 300w, https:\/\/www.lahormigavoladora.com\/w\/wp-content\/uploads\/2022\/05\/2-768x576.jpg 768w\" sizes=\"auto, (max-width: 1024px) 100vw, 1024px\" \/><\/figure>\n\n\n\n<figure class=\"wp-block-image size-large\"><img loading=\"lazy\" decoding=\"async\" width=\"1024\" height=\"768\" data-attachment-id=\"391\" data-permalink=\"https:\/\/www.lahormigavoladora.com\/w\/1\/\" data-orig-file=\"https:\/\/www.lahormigavoladora.com\/w\/wp-content\/uploads\/2022\/05\/1.jpg\" data-orig-size=\"1024,768\" data-comments-opened=\"1\" data-image-meta=\"{&quot;aperture&quot;:&quot;3&quot;,&quot;credit&quot;:&quot;&quot;,&quot;camera&quot;:&quot;Samsung L201 \/ VLUU L201&quot;,&quot;caption&quot;:&quot;&quot;,&quot;created_timestamp&quot;:&quot;1341235307&quot;,&quot;copyright&quot;:&quot;Copyright 2008&quot;,&quot;focal_length&quot;:&quot;6.3&quot;,&quot;iso&quot;:&quot;50&quot;,&quot;shutter_speed&quot;:&quot;0.0070921985815603&quot;,&quot;title&quot;:&quot;&quot;,&quot;orientation&quot;:&quot;1&quot;}\" data-image-title=\"1\" data-image-description=\"\" data-image-caption=\"\" data-large-file=\"https:\/\/www.lahormigavoladora.com\/w\/wp-content\/uploads\/2022\/05\/1.jpg\" data-id=\"391\" src=\"https:\/\/www.lahormigavoladora.com\/w\/wp-content\/uploads\/2022\/05\/1.jpg\" alt=\"\" class=\"wp-image-391\" srcset=\"https:\/\/www.lahormigavoladora.com\/w\/wp-content\/uploads\/2022\/05\/1.jpg 1024w, https:\/\/www.lahormigavoladora.com\/w\/wp-content\/uploads\/2022\/05\/1-300x225.jpg 300w, https:\/\/www.lahormigavoladora.com\/w\/wp-content\/uploads\/2022\/05\/1-768x576.jpg 768w\" sizes=\"auto, (max-width: 1024px) 100vw, 1024px\" \/><\/figure>\n<\/figure>\n<\/div>\n<\/div><\/div>\n\n\n\n<div id=\"wp-block-themeisle-blocks-advanced-columns-90433055\" class=\"wp-block-themeisle-blocks-advanced-columns alignfull has-1-columns has-desktop-equal-layout has-tablet-equal-layout has-mobile-equal-layout has-vertical-unset\"><div class=\"wp-block-themeisle-blocks-advanced-columns-overlay\"><\/div><div class=\"innerblocks-wrap\">\n<div id=\"wp-block-themeisle-blocks-advanced-column-20871242\" class=\"wp-block-themeisle-blocks-advanced-column\">\n<h2 class=\"has-text-align-center has-neve-text-color-color has-text-color wp-block-heading\">Contacta con nosotros para m\u00e1s informaci\u00f3n<\/h2>\n\n\n\n<div style=\"height:20px\" aria-hidden=\"true\" class=\"wp-block-spacer\"><\/div>\n\n\n\n<div class=\"wp-block-buttons is-horizontal is-content-justification-center is-layout-flex wp-container-core-buttons-is-layout-499968f5 wp-block-buttons-is-layout-flex\">\n<div class=\"wp-block-button is-style-primary\"><a class=\"wp-block-button__link\" href=\"https:\/\/www.lahormigavoladora.com\/w\/contacto\/\">CONTACTO<\/a><\/div>\n<\/div>\n<\/div>\n<\/div><\/div>\n","protected":false},"excerpt":{"rendered":"","protected":false},"author":1,"featured_media":0,"parent":0,"menu_order":0,"comment_status":"closed","ping_status":"closed","template":"page-templates\/template-pagebuilder-full-width.php","meta":{"neve_meta_sidebar":"full-width","neve_meta_container":"contained","neve_meta_enable_content_width":"on","neve_meta_content_width":100,"neve_meta_title_alignment":"","neve_meta_author_avatar":"","neve_post_elements_order":"","neve_meta_disable_header":"","neve_meta_disable_footer":"","neve_meta_disable_title":"","neve_meta_reading_time":"","advanced_seo_description":"","jetpack_seo_html_title":"","jetpack_seo_noindex":false,"_themeisle_gutenberg_block_has_review":false,"footnotes":""},"class_list":["post-215","page","type-page","status-publish","hentry"],"jetpack_sharing_enabled":true,"_links":{"self":[{"href":"https:\/\/www.lahormigavoladora.com\/w\/wp-json\/wp\/v2\/pages\/215","targetHints":{"allow":["GET"]}}],"collection":[{"href":"https:\/\/www.lahormigavoladora.com\/w\/wp-json\/wp\/v2\/pages"}],"about":[{"href":"https:\/\/www.lahormigavoladora.com\/w\/wp-json\/wp\/v2\/types\/page"}],"author":[{"embeddable":true,"href":"https:\/\/www.lahormigavoladora.com\/w\/wp-json\/wp\/v2\/users\/1"}],"replies":[{"embeddable":true,"href":"https:\/\/www.lahormigavoladora.com\/w\/wp-json\/wp\/v2\/comments?post=215"}],"version-history":[{"count":18,"href":"https:\/\/www.lahormigavoladora.com\/w\/wp-json\/wp\/v2\/pages\/215\/revisions"}],"predecessor-version":[{"id":537,"href":"https:\/\/www.lahormigavoladora.com\/w\/wp-json\/wp\/v2\/pages\/215\/revisions\/537"}],"wp:attachment":[{"href":"https:\/\/www.lahormigavoladora.com\/w\/wp-json\/wp\/v2\/media?parent=215"}],"curies":[{"name":"wp","href":"https:\/\/api.w.org\/{rel}","templated":true}]}}